{"id":49,"date":"2014-10-06T00:54:54","date_gmt":"2014-10-06T00:54:54","guid":{"rendered":"https:\/\/old.nave.io\/?page_id=49"},"modified":"2020-10-02T11:40:34","modified_gmt":"2020-10-02T15:40:34","slug":"contacto","status":"publish","type":"page","link":"https:\/\/old.nave.io\/en\/contacto\/","title":{"rendered":"Contact"},"content":{"rendered":"<p><\/p>\n<div class=\"row-fluid\">\n<div class=\"col-md-4 col-sm-4 col-xs-12\">\n<h3>Team<\/h3>\n<p><strong>Mar\u00eda Jos\u00e9 Cifuentes<\/strong><br \/>\nArtistic &amp; Managing Director<\/p>\n<p><strong>Mar\u00eda Vial Solar<\/strong><br \/>\nCo-Artistic Director<\/p>\n<p><strong>Javiera Pe\u00f3n-Veiga<\/strong><br \/>\nCo-Artistic Director<\/p>\n<p><strong>Johnatan Inostroza<\/strong><br \/>\nTechnical Coordination <\/p>\n<p><strong>Cecilia Checa<\/strong><br \/>\nProduction Manager<br \/>\n<a title=\"ccheca@nave.io\" href=\"mailto:ccheca@nave.io\">ccheca@nave.io<\/a><\/p>\n<\/div>\n<div class=\"col-md-4 col-sm-4 col-xs-12\" style=\"padding-top: 50px;\">\n<p><strong>Consuelo Laclaustra<\/strong><br \/>\nCommunication Manager<br \/>\n<a title=\"mcarvallo@nave.io\" href=\"mailto:prensa@nave.io\">prensa@nave.io<\/a><\/p>\n<p><strong>Constanza Esp\u00ednola<\/strong><br \/>\nProduction<br \/>\n<a title=\"equipoproduccion@nave.io\" href=\"mailto:equipoproduccion@nave.io\">equipoproduccion@nave.io<\/a><\/p>\n<p><strong>Cristian Gonz\u00e1lez<\/strong><br \/>\nSound Technique <\/p>\n<p><strong>Nicol\u00e1s San Mart\u00edn<\/strong><br \/>\nLighting Technique <\/p>\n<\/div>\n<div class=\"col-md-4 col-sm-4 col-xs-12\">\n<h3>Visitor information<\/h3>\n<p>Address:\u00a0430\u00a0Libertad, Santiago, Chile.<br \/>\nPostal code: 8350422<\/p>\n<p><i class=\"fa fa-bus\"><\/i> 403 | 512 | 322<br \/>\nSubway Stations: Cumming or\u00a0Quinta Normal<br \/>\n<i class=\"fa fa-wheelchair\"><\/i> Access<\/p>\n<p>Contact us\u00a0<a title=\"info@nave.io\" href=\"mailto:info@nave.io\" target=\"_blank\" rel=\"noopener noreferrer\">info@nave.io<\/a><\/p>\n<p><a style=\"background-color: #fce917; color: black;\" href=\"#\" target=\"_blank\" rel=\"noopener noreferrer\">SUBSCRIBE TO NAVE NEWSLETTER<\/a><\/p>\n<\/div>\n<\/div>\n<p><\/p>","protected":false},"excerpt":{"rendered":"<p>Team Mar\u00eda Jos\u00e9 Cifuentes Artistic &amp; Managing Director Mar\u00eda Vial Solar Co-Artistic Director Javiera Pe\u00f3n-Veiga Co-Artistic Director Johnatan Inostroza Technical Coordination Cecilia Checa Production Manager ccheca@nave.io Consuelo Laclaustra Communication Manager prensa@nave.io Constanza Esp\u00ednola Production equipoproduccion@nave.io Cristian Gonz\u00e1lez Sound Technique Nicol\u00e1s San Mart\u00edn Lighting Technique Visitor information Address:\u00a0430\u00a0Libertad, Santiago, Chile. Postal code: 8350422 403 | 512 [&hellip;]<\/p>\n","protected":false},"author":3,"featured_media":0,"parent":0,"menu_order":12,"comment_status":"closed","ping_status":"closed","template":"","meta":{"footnotes":""},"class_list":["post-49","page","type-page","status-publish","hentry"],"_links":{"self":[{"href":"https:\/\/old.nave.io\/en\/wp-json\/wp\/v2\/pages\/49","targetHints":{"allow":["GET"]}}],"collection":[{"href":"https:\/\/old.nave.io\/en\/wp-json\/wp\/v2\/pages"}],"about":[{"href":"https:\/\/old.nave.io\/en\/wp-json\/wp\/v2\/types\/page"}],"author":[{"embeddable":true,"href":"https:\/\/old.nave.io\/en\/wp-json\/wp\/v2\/users\/3"}],"replies":[{"embeddable":true,"href":"https:\/\/old.nave.io\/en\/wp-json\/wp\/v2\/comments?post=49"}],"version-history":[{"count":7,"href":"https:\/\/old.nave.io\/en\/wp-json\/wp\/v2\/pages\/49\/revisions"}],"predecessor-version":[{"id":16276,"href":"https:\/\/old.nave.io\/en\/wp-json\/wp\/v2\/pages\/49\/revisions\/16276"}],"wp:attachment":[{"href":"https:\/\/old.nave.io\/en\/wp-json\/wp\/v2\/media?parent=49"}],"curies":[{"name":"wp","href":"https:\/\/api.w.org\/{rel}","templated":true}]}}